	


{"id":227,"date":"2021-06-01T07:34:10","date_gmt":"2021-06-01T07:34:10","guid":{"rendered":"http:\/\/www.tarsashazszakerto.hu\/?page_id=227"},"modified":"2021-07-21T16:03:21","modified_gmt":"2021-07-21T16:03:21","slug":"partnerek","status":"publish","type":"page","link":"https:\/\/tarsashazszakerto.hu\/?page_id=227","title":{"rendered":"Partnerek"},"content":{"rendered":"\t\t<div data-elementor-type=\"wp-page\" data-elementor-id=\"227\" class=\"elementor elementor-227\" data-elementor-post-type=\"page\">\n\t\t\t\t\t\t<section class=\"elementor-section elementor-top-section elementor-element elementor-element-bd5b575 elementor-section-boxed elementor-section-height-default elementor-section-height-default\" data-id=\"bd5b575\" data-element_type=\"section\">\n\t\t\t\t\t\t<div class=\"elementor-container elementor-column-gap-default\">\n\t\t\t\t\t<div class=\"elementor-column elementor-col-100 elementor-top-column elementor-element elementor-element-3d98fae\" data-id=\"3d98fae\" data-element_type=\"column\">\n\t\t\t<div class=\"elementor-widget-wrap elementor-element-populated\">\n\t\t\t\t\t\t<div class=\"elementor-element elementor-element-a2b7963 elementor-widget elementor-widget-heading\" data-id=\"a2b7963\" data-element_type=\"widget\" data-widget_type=\"heading.default\">\n\t\t\t\t<div class=\"elementor-widget-container\">\n\t\t\t\t\t<h1 class=\"elementor-heading-title elementor-size-default\">Partnerek<\/h1>\t\t\t\t<\/div>\n\t\t\t\t<\/div>\n\t\t\t\t<div class=\"elementor-element elementor-element-3c8d986 elementor-widget-divider--view-line elementor-widget elementor-widget-divider\" data-id=\"3c8d986\" data-element_type=\"widget\" data-widget_type=\"divider.default\">\n\t\t\t\t<div class=\"elementor-widget-container\">\n\t\t\t\t\t\t\t<div class=\"elementor-divider\">\n\t\t\t<span class=\"elementor-divider-separator\">\n\t\t\t\t\t\t<\/span>\n\t\t<\/div>\n\t\t\t\t\t\t<\/div>\n\t\t\t\t<\/div>\n\t\t\t\t<div class=\"elementor-element elementor-element-abcfce7 elementor-widget elementor-widget-text-editor\" data-id=\"abcfce7\" data-element_type=\"widget\" data-widget_type=\"text-editor.default\">\n\t\t\t\t<div class=\"elementor-widget-container\">\n\t\t\t\t\t\t\t\t\t<p><span style=\"font-weight: 400;\">\u00cdrja meg nekem, hogy milyen \u00fcgyben van sz\u00fcks\u00e9ge seg\u00edts\u00e9gre! Az arra szakosodott, \u00e1ltalam kiv\u00e1l\u00f3nak min\u0151s\u00edtett szolg\u00e1ltat\u00e1st ny\u00fajt\u00f3 <\/span><span style=\"font-weight: 400;\">\u00fcgyfeleim \u00e9s partnereim szolg\u00e1ltat\u00e1sait aj\u00e1nlom, ahol ak\u00e1r SzIM partner kedvezm\u00e9nyek v\u00e1rnak \u00d6nre.<\/span><\/p>\t\t\t\t\t\t\t\t<\/div>\n\t\t\t\t<\/div>\n\t\t\t\t<div class=\"elementor-element elementor-element-c0ddd68 elementor-button-align-stretch elementor-widget elementor-widget-form\" data-id=\"c0ddd68\" data-element_type=\"widget\" data-settings=\"{&quot;step_next_label&quot;:&quot;Next&quot;,&quot;step_previous_label&quot;:&quot;Previous&quot;,&quot;button_width&quot;:&quot;100&quot;,&quot;step_type&quot;:&quot;number_text&quot;,&quot;step_icon_shape&quot;:&quot;circle&quot;}\" data-widget_type=\"form.default\">\n\t\t\t\t<div class=\"elementor-widget-container\">\n\t\t\t\t\t\t\t<form class=\"elementor-form\" method=\"post\" name=\"Partnerek\">\n\t\t\t<input type=\"hidden\" name=\"post_id\" value=\"227\"\/>\n\t\t\t<input type=\"hidden\" name=\"form_id\" value=\"c0ddd68\"\/>\n\t\t\t<input type=\"hidden\" name=\"referer_title\" value=\"Partnerek - Szilber Ingatlan Menedzsment\" \/>\n\n\t\t\t\t\t\t\t<input type=\"hidden\" name=\"queried_id\" value=\"227\"\/>\n\t\t\t\n\t\t\t<div class=\"elementor-form-fields-wrapper elementor-labels-above\">\n\t\t\t\t\t\t\t\t<div class=\"elementor-field-type-text elementor-field-group elementor-column elementor-field-group-name elementor-col-100 elementor-field-required elementor-mark-required\">\n\t\t\t\t\t\t\t\t\t\t\t\t<label for=\"form-field-name\" class=\"elementor-field-label\">\n\t\t\t\t\t\t\t\tVezet\u00e9kn\u00e9v\t\t\t\t\t\t\t<\/label>\n\t\t\t\t\t\t\t\t\t\t\t\t\t\t<input size=\"1\" type=\"text\" name=\"form_fields[name]\" id=\"form-field-name\" class=\"elementor-field elementor-size-sm  elementor-field-textual\" required=\"required\" aria-required=\"true\">\n\t\t\t\t\t\t\t\t\t\t\t<\/div>\n\t\t\t\t\t\t\t\t<div class=\"elementor-field-type-text elementor-field-group elementor-column elementor-field-group-field_ce59803 elementor-col-100 elementor-field-required elementor-mark-required\">\n\t\t\t\t\t\t\t\t\t\t\t\t<label for=\"form-field-field_ce59803\" class=\"elementor-field-label\">\n\t\t\t\t\t\t\t\tKeresztn\u00e9v\t\t\t\t\t\t\t<\/label>\n\t\t\t\t\t\t\t\t\t\t\t\t\t\t<input size=\"1\" type=\"text\" name=\"form_fields[field_ce59803]\" id=\"form-field-field_ce59803\" class=\"elementor-field elementor-size-sm  elementor-field-textual\" required=\"required\" aria-required=\"true\">\n\t\t\t\t\t\t\t\t\t\t\t<\/div>\n\t\t\t\t\t\t\t\t<div class=\"elementor-field-type-email elementor-field-group elementor-column elementor-field-group-email elementor-col-100 elementor-field-required elementor-mark-required\">\n\t\t\t\t\t\t\t\t\t\t\t\t<label for=\"form-field-email\" class=\"elementor-field-label\">\n\t\t\t\t\t\t\t\tE-mail c\u00edm\t\t\t\t\t\t\t<\/label>\n\t\t\t\t\t\t\t\t\t\t\t\t\t\t<input size=\"1\" type=\"email\" name=\"form_fields[email]\" id=\"form-field-email\" class=\"elementor-field elementor-size-sm  elementor-field-textual\" placeholder=\"minta.janos@gmail.com\" required=\"required\" aria-required=\"true\">\n\t\t\t\t\t\t\t\t\t\t\t<\/div>\n\t\t\t\t\t\t\t\t<div class=\"elementor-field-type-radio elementor-field-group elementor-column elementor-field-group-message elementor-col-100 elementor-field-required elementor-mark-required\">\n\t\t\t\t\t\t\t\t\t\t\t\t<label for=\"form-field-message\" class=\"elementor-field-label\">\n\t\t\t\t\t\t\t\tMilyen szakember seg\u00edts\u00e9g\u00e9re van sz\u00fcks\u00e9ge?\t\t\t\t\t\t\t<\/label>\n\t\t\t\t\t\t<div class=\"elementor-field-subgroup  \"><span class=\"elementor-field-option\"><input type=\"radio\" value=\"m\u0171szaki szakember\" id=\"form-field-message-0\" name=\"form_fields[message]\" required=\"required\" aria-required=\"true\"> <label for=\"form-field-message-0\">m\u0171szaki szakember<\/label><\/span><span class=\"elementor-field-option\"><input type=\"radio\" value=\"\u00fcgyv\u00e9d, jog\u00e1sz\" id=\"form-field-message-1\" name=\"form_fields[message]\" required=\"required\" aria-required=\"true\"> <label for=\"form-field-message-1\">\u00fcgyv\u00e9d, jog\u00e1sz<\/label><\/span><span class=\"elementor-field-option\"><input type=\"radio\" value=\"k\u00e9pz\u00e9sek\" id=\"form-field-message-2\" name=\"form_fields[message]\" required=\"required\" aria-required=\"true\"> <label for=\"form-field-message-2\">k\u00e9pz\u00e9sek<\/label><\/span><span class=\"elementor-field-option\"><input type=\"radio\" value=\"egy\u00e9b\" id=\"form-field-message-3\" name=\"form_fields[message]\" required=\"required\" aria-required=\"true\"> <label for=\"form-field-message-3\">egy\u00e9b<\/label><\/span><\/div>\t\t\t\t<\/div>\n\t\t\t\t\t\t\t\t<div class=\"elementor-field-type-textarea elementor-field-group elementor-column elementor-field-group-field_58983b8 elementor-col-100\">\n\t\t\t\t\t\t\t\t\t\t\t\t<label for=\"form-field-field_58983b8\" class=\"elementor-field-label\">\n\t\t\t\t\t\t\t\t\u00dczenet\t\t\t\t\t\t\t<\/label>\n\t\t\t\t\t\t<textarea class=\"elementor-field-textual elementor-field  elementor-size-sm\" name=\"form_fields[field_58983b8]\" id=\"form-field-field_58983b8\" rows=\"4\"><\/textarea>\t\t\t\t<\/div>\n\t\t\t\t\t\t\t\t<div class=\"elementor-field-type-acceptance elementor-field-group elementor-column elementor-field-group-field_39ae7f5 elementor-col-100 elementor-field-required elementor-mark-required\">\n\t\t\t\t\t\t\t<div class=\"elementor-field-subgroup\">\n\t\t\t<span class=\"elementor-field-option\">\n\t\t\t\t<input type=\"checkbox\" name=\"form_fields[field_39ae7f5]\" id=\"form-field-field_39ae7f5\" class=\"elementor-field elementor-size-sm  elementor-acceptance-field\" required=\"required\" aria-required=\"true\">\n\t\t\t\t<label for=\"form-field-field_39ae7f5\">Az <a href=\"http:\/\/www.tarsashazszakerto.hu\/adatkezelesi-tajekoztato\" target=\"_blank\">Adatkezel\u00e9si t\u00e1j\u00e9koztat\u00f3ban<\/a> foglaltakat megismertem, adataim kezel\u00e9s\u00e9hez\nhozz\u00e1j\u00e1rulok.<\/label>\t\t\t<\/span>\n\t\t<\/div>\n\t\t\t\t\t\t<\/div>\n\t\t\t\t\t\t\t\t<div class=\"elementor-field-group elementor-column elementor-field-type-submit elementor-col-100 e-form__buttons\">\n\t\t\t\t\t<button class=\"elementor-button elementor-size-sm\" type=\"submit\">\n\t\t\t\t\t\t<span class=\"elementor-button-content-wrapper\">\n\t\t\t\t\t\t\t\t\t\t\t\t\t\t\t\t\t\t\t\t\t\t<span class=\"elementor-button-text\">K\u00fcld\u00e9s<\/span>\n\t\t\t\t\t\t\t\t\t\t\t\t\t<\/span>\n\t\t\t\t\t<\/button>\n\t\t\t\t<\/div>\n\t\t\t<\/div>\n\t\t<\/form>\n\t\t\t\t\t\t<\/div>\n\t\t\t\t<\/div>\n\t\t\t\t\t<\/div>\n\t\t<\/div>\n\t\t\t\t\t<\/div>\n\t\t<\/section>\n\t\t\t\t<section class=\"elementor-section elementor-top-section elementor-element elementor-element-033b2ab elementor-hidden-desktop elementor-hidden-tablet elementor-hidden-phone elementor-section-boxed elementor-section-height-default elementor-section-height-default\" data-id=\"033b2ab\" data-element_type=\"section\">\n\t\t\t\t\t\t<div class=\"elementor-container elementor-column-gap-default\">\n\t\t\t\t\t<div class=\"elementor-column elementor-col-100 elementor-top-column elementor-element elementor-element-6fd3096\" data-id=\"6fd3096\" data-element_type=\"column\">\n\t\t\t<div class=\"elementor-widget-wrap elementor-element-populated\">\n\t\t\t\t\t\t<div class=\"elementor-element elementor-element-6735476 elementor-widget elementor-widget-heading\" data-id=\"6735476\" data-element_type=\"widget\" data-widget_type=\"heading.default\">\n\t\t\t\t<div class=\"elementor-widget-container\">\n\t\t\t\t\t<h2 class=\"elementor-heading-title elementor-size-default\">Partnerlista<\/h2>\t\t\t\t<\/div>\n\t\t\t\t<\/div>\n\t\t\t\t<div class=\"elementor-element elementor-element-baaf37d elementor-widget-divider--view-line elementor-widget elementor-widget-divider\" data-id=\"baaf37d\" data-element_type=\"widget\" data-widget_type=\"divider.default\">\n\t\t\t\t<div class=\"elementor-widget-container\">\n\t\t\t\t\t\t\t<div class=\"elementor-divider\">\n\t\t\t<span class=\"elementor-divider-separator\">\n\t\t\t\t\t\t<\/span>\n\t\t<\/div>\n\t\t\t\t\t\t<\/div>\n\t\t\t\t<\/div>\n\t\t\t\t<div class=\"elementor-element elementor-element-c699607 elementor-widget elementor-widget-heading\" data-id=\"c699607\" data-element_type=\"widget\" data-widget_type=\"heading.default\">\n\t\t\t\t<div class=\"elementor-widget-container\">\n\t\t\t\t\t<h3 class=\"elementor-heading-title elementor-size-default\">M\u0171szaki szakember<\/h3>\t\t\t\t<\/div>\n\t\t\t\t<\/div>\n\t\t\t\t<div class=\"elementor-element elementor-element-1c3ae0c elementor-widget elementor-widget-text-editor\" data-id=\"1c3ae0c\" data-element_type=\"widget\" data-widget_type=\"text-editor.default\">\n\t\t\t\t<div class=\"elementor-widget-container\">\n\t\t\t\t\t\t\t\t\t<p><strong>Minta J\u00e1nos &#8211; <\/strong>m\u0171szaki szakember<\/p><p><span style=\"text-decoration: underline;\"><a href=\"http:\/\/www.tarsashazszakerto.hu\">www.mintajanos.hu<\/a><\/span><\/p>\t\t\t\t\t\t\t\t<\/div>\n\t\t\t\t<\/div>\n\t\t\t\t\t<\/div>\n\t\t<\/div>\n\t\t\t\t\t<\/div>\n\t\t<\/section>\n\t\t\t\t<\/div>\n\t\t","protected":false},"excerpt":{"rendered":"<p>Partnerek \u00cdrja meg nekem, hogy milyen \u00fcgyben van sz\u00fcks\u00e9ge seg\u00edts\u00e9gre! Az arra szakosodott, \u00e1ltalam kiv\u00e1l\u00f3nak min\u0151s\u00edtett szolg\u00e1ltat\u00e1st ny\u00fajt\u00f3 \u00fcgyfeleim \u00e9s partnereim szolg\u00e1ltat\u00e1sait aj\u00e1nlom, ahol ak\u00e1r SzIM partner kedvezm\u00e9nyek v\u00e1rnak \u00d6nre. Partnerlista M\u0171szaki szakember Minta J\u00e1nos &#8211; m\u0171szaki szakember www.mintajanos.hu<\/p>\n","protected":false},"author":1,"featured_media":0,"parent":0,"menu_order":0,"comment_status":"closed","ping_status":"open","template":"","meta":{"footnotes":""},"class_list":["post-227","page","type-page","status-publish","hentry","entry"],"yoast_head":"<!-- This site is optimized with the Yoast SEO plugin v25.9 - https:\/\/yoast.com\/wordpress\/plugins\/seo\/ -->\n<title>Partnerek - Szilber Ingatlan Menedzsment<\/title>\n<meta name=\"description\" content=\"Partnerek \u00cdrja meg nekem, hogy milyen \u00fcgyben van sz\u00fcks\u00e9ge seg\u00edts\u00e9gre! Az arra szakosodott, \u00e1ltalam kiv\u00e1l\u00f3nak min\u0151s\u00edtett szolg\u00e1ltat\u00e1st ny\u00fajt\u00f3 \u00fcgyfeleim \u00e9s partnereim szolg\u00e1ltat\u00e1sait aj\u00e1nlom, ahol ak\u00e1r SzIM partner kedvezm\u00e9nyek v\u00e1rnak \u00d6nre. Partnerlista M\u0171szaki szakember Minta J\u00e1nos &#8211; m\u0171szaki szakember www.mintajanos.hu\" \/>\n<meta name=\"robots\" content=\"index, follow, max-snippet:-1, max-image-preview:large, max-video-preview:-1\" \/>\n<link rel=\"canonical\" href=\"https:\/\/tarsashazszakerto.hu\/?page_id=227\" \/>\n<meta property=\"og:locale\" content=\"hu_HU\" \/>\n<meta property=\"og:type\" content=\"article\" \/>\n<meta property=\"og:title\" content=\"Partnerek - Szilber Ingatlan Menedzsment\" \/>\n<meta property=\"og:description\" content=\"Partnerek \u00cdrja meg nekem, hogy milyen \u00fcgyben van sz\u00fcks\u00e9ge seg\u00edts\u00e9gre! Az arra szakosodott, \u00e1ltalam kiv\u00e1l\u00f3nak min\u0151s\u00edtett szolg\u00e1ltat\u00e1st ny\u00fajt\u00f3 \u00fcgyfeleim \u00e9s partnereim szolg\u00e1ltat\u00e1sait aj\u00e1nlom, ahol ak\u00e1r SzIM partner kedvezm\u00e9nyek v\u00e1rnak \u00d6nre. Partnerlista M\u0171szaki szakember Minta J\u00e1nos &#8211; m\u0171szaki szakember www.mintajanos.hu\" \/>\n<meta property=\"og:url\" content=\"https:\/\/tarsashazszakerto.hu\/?page_id=227\" \/>\n<meta property=\"og:site_name\" content=\"Szilber Ingatlan Menedzsment\" \/>\n<meta property=\"article:modified_time\" content=\"2021-07-21T16:03:21+00:00\" \/>\n<meta name=\"twitter:card\" content=\"summary_large_image\" \/>\n<meta name=\"twitter:label1\" content=\"Becs\u00fclt olvas\u00e1si id\u0151\" \/>\n\t<meta name=\"twitter:data1\" content=\"1 perc\" \/>\n<script type=\"application\/ld+json\" class=\"yoast-schema-graph\">{\"@context\":\"https:\/\/schema.org\",\"@graph\":[{\"@type\":\"WebPage\",\"@id\":\"https:\/\/tarsashazszakerto.hu\/?page_id=227\",\"url\":\"https:\/\/tarsashazszakerto.hu\/?page_id=227\",\"name\":\"Partnerek - Szilber Ingatlan Menedzsment\",\"isPartOf\":{\"@id\":\"https:\/\/tarsashazszakerto.hu\/#website\"},\"datePublished\":\"2021-06-01T07:34:10+00:00\",\"dateModified\":\"2021-07-21T16:03:21+00:00\",\"breadcrumb\":{\"@id\":\"https:\/\/tarsashazszakerto.hu\/?page_id=227#breadcrumb\"},\"inLanguage\":\"hu\",\"potentialAction\":[{\"@type\":\"ReadAction\",\"target\":[\"https:\/\/tarsashazszakerto.hu\/?page_id=227\"]}]},{\"@type\":\"BreadcrumbList\",\"@id\":\"https:\/\/tarsashazszakerto.hu\/?page_id=227#breadcrumb\",\"itemListElement\":[{\"@type\":\"ListItem\",\"position\":1,\"name\":\"Kezd\u0151lap\",\"item\":\"https:\/\/tarsashazszakerto.hu\/\"},{\"@type\":\"ListItem\",\"position\":2,\"name\":\"Partnerek\"}]},{\"@type\":\"WebSite\",\"@id\":\"https:\/\/tarsashazszakerto.hu\/#website\",\"url\":\"https:\/\/tarsashazszakerto.hu\/\",\"name\":\"Szilber Ingatlan Menedzsment\",\"description\":\"Lak\u00e1sv\u00e1s\u00e1rl\u00e1s okosan\",\"publisher\":{\"@id\":\"https:\/\/tarsashazszakerto.hu\/#organization\"},\"potentialAction\":[{\"@type\":\"SearchAction\",\"target\":{\"@type\":\"EntryPoint\",\"urlTemplate\":\"https:\/\/tarsashazszakerto.hu\/?s={search_term_string}\"},\"query-input\":{\"@type\":\"PropertyValueSpecification\",\"valueRequired\":true,\"valueName\":\"search_term_string\"}}],\"inLanguage\":\"hu\"},{\"@type\":\"Organization\",\"@id\":\"https:\/\/tarsashazszakerto.hu\/#organization\",\"name\":\"Szilber Ingatlan Menedzsment\",\"url\":\"https:\/\/tarsashazszakerto.hu\/\",\"logo\":{\"@type\":\"ImageObject\",\"inLanguage\":\"hu\",\"@id\":\"https:\/\/tarsashazszakerto.hu\/#\/schema\/logo\/image\/\",\"url\":\"https:\/\/tarsashazszakerto.hu\/wp-content\/uploads\/2021\/07\/cropped-logo_-kis.jpg\",\"contentUrl\":\"https:\/\/tarsashazszakerto.hu\/wp-content\/uploads\/2021\/07\/cropped-logo_-kis.jpg\",\"width\":762,\"height\":202,\"caption\":\"Szilber Ingatlan Menedzsment\"},\"image\":{\"@id\":\"https:\/\/tarsashazszakerto.hu\/#\/schema\/logo\/image\/\"}}]}<\/script>\n<!-- \/ Yoast SEO plugin. -->","yoast_head_json":{"title":"Partnerek - Szilber Ingatlan Menedzsment","description":"Partnerek \u00cdrja meg nekem, hogy milyen \u00fcgyben van sz\u00fcks\u00e9ge seg\u00edts\u00e9gre! Az arra szakosodott, \u00e1ltalam kiv\u00e1l\u00f3nak min\u0151s\u00edtett szolg\u00e1ltat\u00e1st ny\u00fajt\u00f3 \u00fcgyfeleim \u00e9s partnereim szolg\u00e1ltat\u00e1sait aj\u00e1nlom, ahol ak\u00e1r SzIM partner kedvezm\u00e9nyek v\u00e1rnak \u00d6nre. Partnerlista M\u0171szaki szakember Minta J\u00e1nos &#8211; m\u0171szaki szakember www.mintajanos.hu","robots":{"index":"index","follow":"follow","max-snippet":"max-snippet:-1","max-image-preview":"max-image-preview:large","max-video-preview":"max-video-preview:-1"},"canonical":"https:\/\/tarsashazszakerto.hu\/?page_id=227","og_locale":"hu_HU","og_type":"article","og_title":"Partnerek - Szilber Ingatlan Menedzsment","og_description":"Partnerek \u00cdrja meg nekem, hogy milyen \u00fcgyben van sz\u00fcks\u00e9ge seg\u00edts\u00e9gre! Az arra szakosodott, \u00e1ltalam kiv\u00e1l\u00f3nak min\u0151s\u00edtett szolg\u00e1ltat\u00e1st ny\u00fajt\u00f3 \u00fcgyfeleim \u00e9s partnereim szolg\u00e1ltat\u00e1sait aj\u00e1nlom, ahol ak\u00e1r SzIM partner kedvezm\u00e9nyek v\u00e1rnak \u00d6nre. Partnerlista M\u0171szaki szakember Minta J\u00e1nos &#8211; m\u0171szaki szakember www.mintajanos.hu","og_url":"https:\/\/tarsashazszakerto.hu\/?page_id=227","og_site_name":"Szilber Ingatlan Menedzsment","article_modified_time":"2021-07-21T16:03:21+00:00","twitter_card":"summary_large_image","twitter_misc":{"Becs\u00fclt olvas\u00e1si id\u0151":"1 perc"},"schema":{"@context":"https:\/\/schema.org","@graph":[{"@type":"WebPage","@id":"https:\/\/tarsashazszakerto.hu\/?page_id=227","url":"https:\/\/tarsashazszakerto.hu\/?page_id=227","name":"Partnerek - Szilber Ingatlan Menedzsment","isPartOf":{"@id":"https:\/\/tarsashazszakerto.hu\/#website"},"datePublished":"2021-06-01T07:34:10+00:00","dateModified":"2021-07-21T16:03:21+00:00","breadcrumb":{"@id":"https:\/\/tarsashazszakerto.hu\/?page_id=227#breadcrumb"},"inLanguage":"hu","potentialAction":[{"@type":"ReadAction","target":["https:\/\/tarsashazszakerto.hu\/?page_id=227"]}]},{"@type":"BreadcrumbList","@id":"https:\/\/tarsashazszakerto.hu\/?page_id=227#breadcrumb","itemListElement":[{"@type":"ListItem","position":1,"name":"Kezd\u0151lap","item":"https:\/\/tarsashazszakerto.hu\/"},{"@type":"ListItem","position":2,"name":"Partnerek"}]},{"@type":"WebSite","@id":"https:\/\/tarsashazszakerto.hu\/#website","url":"https:\/\/tarsashazszakerto.hu\/","name":"Szilber Ingatlan Menedzsment","description":"Lak\u00e1sv\u00e1s\u00e1rl\u00e1s okosan","publisher":{"@id":"https:\/\/tarsashazszakerto.hu\/#organization"},"potentialAction":[{"@type":"SearchAction","target":{"@type":"EntryPoint","urlTemplate":"https:\/\/tarsashazszakerto.hu\/?s={search_term_string}"},"query-input":{"@type":"PropertyValueSpecification","valueRequired":true,"valueName":"search_term_string"}}],"inLanguage":"hu"},{"@type":"Organization","@id":"https:\/\/tarsashazszakerto.hu\/#organization","name":"Szilber Ingatlan Menedzsment","url":"https:\/\/tarsashazszakerto.hu\/","logo":{"@type":"ImageObject","inLanguage":"hu","@id":"https:\/\/tarsashazszakerto.hu\/#\/schema\/logo\/image\/","url":"https:\/\/tarsashazszakerto.hu\/wp-content\/uploads\/2021\/07\/cropped-logo_-kis.jpg","contentUrl":"https:\/\/tarsashazszakerto.hu\/wp-content\/uploads\/2021\/07\/cropped-logo_-kis.jpg","width":762,"height":202,"caption":"Szilber Ingatlan Menedzsment"},"image":{"@id":"https:\/\/tarsashazszakerto.hu\/#\/schema\/logo\/image\/"}}]}},"_links":{"self":[{"href":"https:\/\/tarsashazszakerto.hu\/index.php?rest_route=\/wp\/v2\/pages\/227","targetHints":{"allow":["GET"]}}],"collection":[{"href":"https:\/\/tarsashazszakerto.hu\/index.php?rest_route=\/wp\/v2\/pages"}],"about":[{"href":"https:\/\/tarsashazszakerto.hu\/index.php?rest_route=\/wp\/v2\/types\/page"}],"author":[{"embeddable":true,"href":"https:\/\/tarsashazszakerto.hu\/index.php?rest_route=\/wp\/v2\/users\/1"}],"replies":[{"embeddable":true,"href":"https:\/\/tarsashazszakerto.hu\/index.php?rest_route=%2Fwp%2Fv2%2Fcomments&post=227"}],"version-history":[{"count":5,"href":"https:\/\/tarsashazszakerto.hu\/index.php?rest_route=\/wp\/v2\/pages\/227\/revisions"}],"predecessor-version":[{"id":533,"href":"https:\/\/tarsashazszakerto.hu\/index.php?rest_route=\/wp\/v2\/pages\/227\/revisions\/533"}],"wp:attachment":[{"href":"https:\/\/tarsashazszakerto.hu\/index.php?rest_route=%2Fwp%2Fv2%2Fmedia&parent=227"}],"curies":[{"name":"wp","href":"https:\/\/api.w.org\/{rel}","templated":true}]}}